{"id":1435,"date":"2024-11-25T13:38:20","date_gmt":"2024-11-25T19:38:20","guid":{"rendered":"https:\/\/webcraftwebdesign.com\/drgarciaheart\/?page_id=1435"},"modified":"2024-11-25T14:51:25","modified_gmt":"2024-11-25T20:51:25","slug":"__trashed-2","status":"publish","type":"page","link":"https:\/\/garciaheart.com\/es\/__trashed-2\/","title":{"rendered":"Terms of Service"},"content":{"rendered":"<div data-elementor-type=\"wp-page\" data-elementor-id=\"1435\" class=\"elementor elementor-1435\" data-elementor-post-type=\"page\">\n\t\t\t\t<div class=\"elementor-element elementor-element-3c3f673 e-flex e-con-boxed wpr-particle-no wpr-jarallax-no wpr-parallax-no wpr-sticky-section-no wpr-equal-height-no e-con e-parent\" data-id=\"3c3f673\" data-element_type=\"container\" data-e-type=\"container\" data-settings=\"{&quot;background_background&quot;:&quot;classic&quot;}\">\n\t\t\t\t\t<div class=\"e-con-inner\">\n\t\t\t\t<div class=\"elementor-element elementor-element-1ed657d elementor-widget-divider--view-line elementor-widget elementor-widget-divider\" data-id=\"1ed657d\" data-element_type=\"widget\" data-e-type=\"widget\" data-widget_type=\"divider.default\">\n\t\t\t\t<div class=\"elementor-widget-container\">\n\t\t\t\t\t\t\t<div class=\"elementor-divider\">\n\t\t\t<span class=\"elementor-divider-separator\">\n\t\t\t\t\t\t<\/span>\n\t\t<\/div>\n\t\t\t\t\t\t<\/div>\n\t\t\t\t<\/div>\n\t\t\t\t\t<\/div>\n\t\t\t\t<\/div>\n\t\t<div class=\"elementor-element elementor-element-381c2be e-flex e-con-boxed wpr-particle-no wpr-jarallax-no wpr-parallax-no wpr-sticky-section-no wpr-equal-height-no e-con e-parent\" data-id=\"381c2be\" data-element_type=\"container\" data-e-type=\"container\">\n\t\t\t\t\t<div class=\"e-con-inner\">\n\t\t\t\t<div class=\"elementor-element elementor-element-a3a6e42 elementor-widget elementor-widget-heading\" data-id=\"a3a6e42\" data-element_type=\"widget\" data-e-type=\"widget\" data-widget_type=\"heading.default\">\n\t\t\t\t<div class=\"elementor-widget-container\">\n\t\t\t\t\t<h1 class=\"elementor-heading-title elementor-size-default\">CONDICIONES DEL SERVICIO<\/h1>\t\t\t\t<\/div>\n\t\t\t\t<\/div>\n\t\t\t\t\t<\/div>\n\t\t\t\t<\/div>\n\t\t<div class=\"elementor-element elementor-element-18a5dc8 e-flex e-con-boxed wpr-particle-no wpr-jarallax-no wpr-parallax-no wpr-sticky-section-no wpr-equal-height-no e-con e-parent\" data-id=\"18a5dc8\" data-element_type=\"container\" data-e-type=\"container\">\n\t\t\t\t\t<div class=\"e-con-inner\">\n\t\t\t\t<div class=\"elementor-element elementor-element-0312512 elementor-widget elementor-widget-text-editor\" data-id=\"0312512\" data-element_type=\"widget\" data-e-type=\"widget\" data-widget_type=\"text-editor.default\">\n\t\t\t\t<div class=\"elementor-widget-container\">\n\t\t\t\t\t\t\t\t\t<p><strong>1. Condiciones del Servicio<\/strong><\/p><p><strong>1.Condiciones<\/strong><\/p><p>Accediendo al sitio web en<strong> <a href=\"\/es\/garciaheart.com\/\">Garcia Heart<\/a><\/strong> Usted acepta estar sujeto a estos t\u00e9rminos de servicio, todas las leyes y regulaciones aplicables, y acepta que es responsable del cumplimiento de las leyes locales aplicables. Si no est\u00e1 de acuerdo con alguno de estos t\u00e9rminos, se le proh\u00edbe usar o acceder a este sitio. Los materiales contenidos en este sitio web est\u00e1n protegidos por las leyes de derechos de autor y marcas comerciales aplicables.<\/p><p><strong>Licencia de uso<\/strong><\/p><ol><li>Se concede permiso para descargar temporalmente una copia de los materiales (informaci\u00f3n o software) del sitio web de Garcia Heart \u00fanicamente para visualizaci\u00f3n transitoria personal y no comercial. Esta es la concesi\u00f3n de una licencia, no una transferencia de t\u00edtulo, y bajo esta licencia usted no puede:<ol><li>modificar o copiar los materiales;<\/li><li>utilizar los materiales para cualquier prop\u00f3sito comercial o para cualquier exhibici\u00f3n p\u00fablica (comercial o no comercial);<\/li><li>intentar descompilar o realizar ingenier\u00eda inversa a cualquier software contenido en el sitio web de Garcia Heart;<\/li><li>eliminar cualquier copyright u otras notaciones de propiedad de los materiales; o<\/li><li>transferir los materiales a otra persona o \u201cduplicar\u201d los materiales en cualquier otro servidor.<\/li><\/ol><\/li><li>2. Esta licencia terminar\u00e1 autom\u00e1ticamente si usted viola cualquiera de estas restricciones y Garcia Heart podr\u00e1 rescindirla en cualquier momento. Al finalizar la visualizaci\u00f3n de estos materiales o al finalizar esta licencia, deber\u00e1 destruir cualquier material descargado que se encuentre en su posesi\u00f3n, ya sea en formato electr\u00f3nico o impreso.<\/li><\/ol><p>\u00a0<\/p><p><strong>3. Descargo de responsabilidad<\/strong><\/p><ol><li>1. Los materiales del sitio web de Garcia Heart se proporcionan \"tal como est\u00e1n\". Garcia Heart no ofrece garant\u00edas, expresas o impl\u00edcitas, y por la presente renuncia y niega todas las dem\u00e1s garant\u00edas, incluidas, entre otras, las garant\u00edas o condiciones impl\u00edcitas de comerciabilidad, idoneidad para un prop\u00f3sito particular o no infracci\u00f3n de la propiedad intelectual u otra violaci\u00f3n de derechos.<\/li><li>2. Adem\u00e1s, Garcia Heart no garantiza ni hace ninguna declaraci\u00f3n sobre la precisi\u00f3n, los resultados probables o la confiabilidad del uso de los materiales en su sitio web o relacionados con dichos materiales o en cualquier sitio vinculado a este sitio.<\/li><\/ol><p>\u00a0<\/p><p><strong>4. Limitaciones<\/strong><\/p><p>En ning\u00fan caso Garcia Heart o sus proveedores ser\u00e1n responsables de ning\u00fan da\u00f1o (incluidos, sin limitaci\u00f3n, los da\u00f1os por p\u00e9rdida de datos o ganancias, o debido a la interrupci\u00f3n del negocio) que surja del uso o la imposibilidad de usar los materiales en el sitio web de Garcia Heart, incluso si Garcia Heart o un representante autorizado de Garcia Heart ha sido notificado oralmente o por escrito de la posibilidad de dicho da\u00f1o. Debido a que algunas jurisdicciones no permiten limitaciones en las garant\u00edas impl\u00edcitas o limitaciones de responsabilidad por da\u00f1os consecuentes o incidentales, es posible que estas limitaciones no se apliquen en su caso.<\/p><p><strong>5. Precisi\u00f3n de los materiales<\/strong><\/p><p>Los materiales que aparecen en el sitio web de Garcia Heart podr\u00edan incluir errores t\u00e9cnicos, tipogr\u00e1ficos o fotogr\u00e1ficos. Garcia Heart no garantiza que ninguno de los materiales de su sitio web sea preciso, completo o actual. Garcia Heart puede realizar cambios en los materiales contenidos en su sitio web en cualquier momento sin previo aviso. Sin embargo, Garcia Heart no se compromete a actualizar los materiales.<\/p><p><strong>6. Enlaces<\/strong><\/p><p>Garcia Heart no ha revisado todos los sitios vinculados a su sitio web y no es responsable del contenido de dichos sitios. La inclusi\u00f3n de cualquier enlace no implica la aprobaci\u00f3n del sitio por parte de Garcia Heart. El uso de dichos sitios web vinculados es por cuenta y riesgo del usuario.<\/p><p><strong>7. Modificaciones<\/strong><\/p><p>Garcia Heart puede modificar estos t\u00e9rminos de servicio de su sitio web en cualquier momento sin previo aviso. Al utilizar este sitio web, usted acepta regirse por la versi\u00f3n vigente de estos t\u00e9rminos de servicio.<\/p><p><strong>8. Ley aplicable<\/strong><\/p><p>Estos t\u00e9rminos y condiciones se rigen e interpretan de conformidad con las leyes de Garcia Heart y usted se somete irrevocablemente a la jurisdicci\u00f3n exclusiva de los tribunales de ese estado o ubicaci\u00f3n.<\/p>\t\t\t\t\t\t\t\t<\/div>\n\t\t\t\t<\/div>\n\t\t\t\t\t<\/div>\n\t\t\t\t<\/div>\n\t\t\t\t<\/div>","protected":false},"excerpt":{"rendered":"<p>TERMS OF SERVICE 1.Terms of Service 1. Terms By accessing the website at Garcia Heart you are agreeing to be bound by these terms of service, all applicable laws and regulations, and agree that you are responsible for compliance with any applicable local laws. If you do not agree with any of these terms, you are prohibited from using or accessing this site. The materials contained in this website are protected by applicable copyright and trademark law. 2. Use License Permission is granted to temporarily download one copy of the materials (information or software) on Garcia Heart&#8217;s website for personal, non-commercial transitory viewing only. This is the grant of a licence, not a transfer of title, and under this licence you may not: modify or copy the materials; use the materials for any commercial purpose, or for any public display (commercial or non-commercial); attempt to decompile or reverse engineer any software contained on Garcia Heart website; remove any copyright or other proprietary notations from the materials; or transfer the materials to another person or &#8216;mirror&#8217; the materials on any other server. 2. This licence shall automatically terminate if you violate any of these restrictions and may be terminated by Garcia Heart at any time. Upon terminating your viewing of these materials or upon the termination of this licence, you must destroy any downloaded materials in your possession whether in electronic or printed format. \u00a0 3. Disclaimer 1. The materials on Garcia Heart&#8217;s website are provided on an &#8216;as is&#8217; basis. Garcia Heart makes no warranties, expressed or implied, and hereby disclaims and negates all other warranties including, without limitation, implied warranties or conditions of merchantability, fitness for a particular purpose, or non-infringement of intellectual property or other violation of rights. 2. Further, Garcia Heart does not warrant or make any representations concerning the accuracy, likely results, or reliability of the use of the materials on its website or otherwise relating to such materials or on any sites linked to this site. \u00a0 4. Limitations In no event shall Garcia Heart or its suppliers be liable for any damages (including, without limitation, damages for loss of data or profit, or due to business interruption) arising out of the use or inability to use the materials on Garcia Heart&#8217;s website, even if Garcia Heart or a Garcia Heart authorised representative has been notified orally or in writing of the possibility of such damage. Because some jurisdictions do not allow limitations on implied warranties, or limitations of liability for consequential or incidental damages, these limitations may not apply to you. 5. Accuracy of materials The materials appearing on Garcia Heart&#8217;s website could include technical, typographical, or photographic errors. Garcia Heart does not warrant that any of the materials on its website are accurate, complete or current. Garcia Heart may make changes to the materials contained on its website at any time without notice. However Garcia Heart does not make any commitment to update the materials. 6. Links Garcia Heart has not reviewed all of the sites linked to its website and is not responsible for the contents of any such linked site. The inclusion of any link does not imply endorsement by Garcia Heart of the site. Use of any such linked website is at the user&#8217;s own risk. 7. Modifications Garcia Heart may revise these terms of service for its website at any time without notice. By using this website you are agreeing to be bound by the then current version of these terms of service. 8. Governing Law These terms and conditions are governed by and construed in accordance with the laws of Garcia Heart and you irrevocably submit to the exclusive jurisdiction of the courts in that State or location.<\/p>","protected":false},"author":1,"featured_media":0,"parent":0,"menu_order":0,"comment_status":"closed","ping_status":"closed","template":"","meta":{"footnotes":""},"class_list":["post-1435","page","type-page","status-publish","hentry"],"yoast_head":"<!-- This site is optimized with the Yoast SEO plugin v27.4 - https:\/\/yoast.com\/product\/yoast-seo-wordpress\/ -->\n<title>Terms of Service - Garcia Heart and Vascular<\/title>\n<meta name=\"description\" content=\"Discover exceptional cardiovascular care with Dr. Daniel C. Garcia, a triple board-certified Interventional Cardiologist in Houston, TX. Specializing in heart and health for the Latino community, Dr. Garcia offers expert, personalized care in English, Spanish, and Portuguese.&quot;\" \/>\n<meta name=\"robots\" content=\"index, follow, max-snippet:-1, max-image-preview:large, max-video-preview:-1\" \/>\n<link rel=\"canonical\" href=\"https:\/\/garciaheart.com\/es\/__trashed-2\/\" \/>\n<meta property=\"og:locale\" content=\"es_MX\" \/>\n<meta property=\"og:type\" content=\"article\" \/>\n<meta property=\"og:title\" content=\"Terms of Service - Garcia Heart and Vascular\" \/>\n<meta property=\"og:description\" content=\"Discover exceptional cardiovascular care with Dr. Daniel C. Garcia, a triple board-certified Interventional Cardiologist in Houston, TX. Specializing in heart and health for the Latino community, Dr. Garcia offers expert, personalized care in English, Spanish, and Portuguese.&quot;\" \/>\n<meta property=\"og:url\" content=\"https:\/\/garciaheart.com\/es\/__trashed-2\/\" \/>\n<meta property=\"og:site_name\" content=\"Garcia Heart and Vascular\" \/>\n<meta property=\"article:modified_time\" content=\"2024-11-25T20:51:25+00:00\" \/>\n<meta property=\"og:image\" content=\"https:\/\/garciaheart.com\/wp-content\/uploads\/2024\/12\/Untitled-design-45.png\" \/>\n\t<meta property=\"og:image:width\" content=\"1200\" \/>\n\t<meta property=\"og:image:height\" content=\"675\" \/>\n\t<meta property=\"og:image:type\" content=\"image\/png\" \/>\n<meta name=\"twitter:card\" content=\"summary_large_image\" \/>\n<meta name=\"twitter:label1\" content=\"Tiempo de lectura\" \/>\n\t<meta name=\"twitter:data1\" content=\"3 minutos\" \/>\n<script type=\"application\/ld+json\" class=\"yoast-schema-graph\">{\"@context\":\"https:\\\/\\\/schema.org\",\"@graph\":[{\"@type\":\"WebPage\",\"@id\":\"https:\\\/\\\/garciaheart.com\\\/__trashed-2\\\/\",\"url\":\"https:\\\/\\\/garciaheart.com\\\/__trashed-2\\\/\",\"name\":\"Terms of Service - Garcia Heart and Vascular\",\"isPartOf\":{\"@id\":\"https:\\\/\\\/garciaheart.com\\\/#website\"},\"datePublished\":\"2024-11-25T19:38:20+00:00\",\"dateModified\":\"2024-11-25T20:51:25+00:00\",\"description\":\"Discover exceptional cardiovascular care with Dr. Daniel C. Garcia, a triple board-certified Interventional Cardiologist in Houston, TX. Specializing in heart and health for the Latino community, Dr. Garcia offers expert, personalized care in English, Spanish, and Portuguese.\\\"\",\"breadcrumb\":{\"@id\":\"https:\\\/\\\/garciaheart.com\\\/__trashed-2\\\/#breadcrumb\"},\"inLanguage\":\"es\",\"potentialAction\":[{\"@type\":\"ReadAction\",\"target\":[\"https:\\\/\\\/garciaheart.com\\\/__trashed-2\\\/\"]}]},{\"@type\":\"BreadcrumbList\",\"@id\":\"https:\\\/\\\/garciaheart.com\\\/__trashed-2\\\/#breadcrumb\",\"itemListElement\":[{\"@type\":\"ListItem\",\"position\":1,\"name\":\"Home\",\"item\":\"https:\\\/\\\/garciaheart.com\\\/\"},{\"@type\":\"ListItem\",\"position\":2,\"name\":\"Terms of Service\"}]},{\"@type\":\"WebSite\",\"@id\":\"https:\\\/\\\/garciaheart.com\\\/#website\",\"url\":\"https:\\\/\\\/garciaheart.com\\\/\",\"name\":\"Garcia Heart and Vascular\",\"description\":\"Latino Heart Health Specialist in Houston\",\"publisher\":{\"@id\":\"https:\\\/\\\/garciaheart.com\\\/#organization\"},\"alternateName\":\"Garcia Heart\",\"potentialAction\":[{\"@type\":\"SearchAction\",\"target\":{\"@type\":\"EntryPoint\",\"urlTemplate\":\"https:\\\/\\\/garciaheart.com\\\/?s={search_term_string}\"},\"query-input\":{\"@type\":\"PropertyValueSpecification\",\"valueRequired\":true,\"valueName\":\"search_term_string\"}}],\"inLanguage\":\"es\"},{\"@type\":\"Organization\",\"@id\":\"https:\\\/\\\/garciaheart.com\\\/#organization\",\"name\":\"Garcia Heart and Vascular\",\"alternateName\":\"Garcia Heart\",\"url\":\"https:\\\/\\\/garciaheart.com\\\/\",\"logo\":{\"@type\":\"ImageObject\",\"inLanguage\":\"es\",\"@id\":\"https:\\\/\\\/garciaheart.com\\\/#\\\/schema\\\/logo\\\/image\\\/\",\"url\":\"https:\\\/\\\/garciaheart.com\\\/wp-content\\\/uploads\\\/2024\\\/11\\\/sublogo-redondo-2-scaled.jpg\",\"contentUrl\":\"https:\\\/\\\/garciaheart.com\\\/wp-content\\\/uploads\\\/2024\\\/11\\\/sublogo-redondo-2-scaled.jpg\",\"width\":2560,\"height\":2560,\"caption\":\"Garcia Heart and Vascular\"},\"image\":{\"@id\":\"https:\\\/\\\/garciaheart.com\\\/#\\\/schema\\\/logo\\\/image\\\/\"},\"sameAs\":[\"https:\\\/\\\/www.instagram.com\\\/garciaheartvascular\\\/\",\"https:\\\/\\\/www.linkedin.com\\\/in\\\/daniel-garcia-md-facc-fscai-82412a227\\\/\"]}]}<\/script>\n<!-- \/ Yoast SEO plugin. -->","yoast_head_json":{"title":"Terms of Service - Garcia Heart and Vascular","description":"Discover exceptional cardiovascular care with Dr. Daniel C. Garcia, a triple board-certified Interventional Cardiologist in Houston, TX. Specializing in heart and health for the Latino community, Dr. Garcia offers expert, personalized care in English, Spanish, and Portuguese.\"","robots":{"index":"index","follow":"follow","max-snippet":"max-snippet:-1","max-image-preview":"max-image-preview:large","max-video-preview":"max-video-preview:-1"},"canonical":"https:\/\/garciaheart.com\/es\/__trashed-2\/","og_locale":"es_MX","og_type":"article","og_title":"Terms of Service - Garcia Heart and Vascular","og_description":"Discover exceptional cardiovascular care with Dr. Daniel C. Garcia, a triple board-certified Interventional Cardiologist in Houston, TX. Specializing in heart and health for the Latino community, Dr. Garcia offers expert, personalized care in English, Spanish, and Portuguese.\"","og_url":"https:\/\/garciaheart.com\/es\/__trashed-2\/","og_site_name":"Garcia Heart and Vascular","article_modified_time":"2024-11-25T20:51:25+00:00","og_image":[{"width":1200,"height":675,"url":"https:\/\/garciaheart.com\/wp-content\/uploads\/2024\/12\/Untitled-design-45.png","type":"image\/png"}],"twitter_card":"summary_large_image","twitter_misc":{"Tiempo de lectura":"3 minutos"},"schema":{"@context":"https:\/\/schema.org","@graph":[{"@type":"WebPage","@id":"https:\/\/garciaheart.com\/__trashed-2\/","url":"https:\/\/garciaheart.com\/__trashed-2\/","name":"Terms of Service - Garcia Heart and Vascular","isPartOf":{"@id":"https:\/\/garciaheart.com\/#website"},"datePublished":"2024-11-25T19:38:20+00:00","dateModified":"2024-11-25T20:51:25+00:00","description":"Discover exceptional cardiovascular care with Dr. Daniel C. Garcia, a triple board-certified Interventional Cardiologist in Houston, TX. Specializing in heart and health for the Latino community, Dr. Garcia offers expert, personalized care in English, Spanish, and Portuguese.\"","breadcrumb":{"@id":"https:\/\/garciaheart.com\/__trashed-2\/#breadcrumb"},"inLanguage":"es","potentialAction":[{"@type":"ReadAction","target":["https:\/\/garciaheart.com\/__trashed-2\/"]}]},{"@type":"BreadcrumbList","@id":"https:\/\/garciaheart.com\/__trashed-2\/#breadcrumb","itemListElement":[{"@type":"ListItem","position":1,"name":"Home","item":"https:\/\/garciaheart.com\/"},{"@type":"ListItem","position":2,"name":"Terms of Service"}]},{"@type":"WebSite","@id":"https:\/\/garciaheart.com\/#website","url":"https:\/\/garciaheart.com\/","name":"Garc\u00eda Coraz\u00f3n y Vascular","description":"Latino Heart Health Specialist in Houston","publisher":{"@id":"https:\/\/garciaheart.com\/#organization"},"alternateName":"Garcia Heart","potentialAction":[{"@type":"SearchAction","target":{"@type":"EntryPoint","urlTemplate":"https:\/\/garciaheart.com\/?s={search_term_string}"},"query-input":{"@type":"PropertyValueSpecification","valueRequired":true,"valueName":"search_term_string"}}],"inLanguage":"es"},{"@type":"Organization","@id":"https:\/\/garciaheart.com\/#organization","name":"Garc\u00eda Coraz\u00f3n y Vascular","alternateName":"Garcia Heart","url":"https:\/\/garciaheart.com\/","logo":{"@type":"ImageObject","inLanguage":"es","@id":"https:\/\/garciaheart.com\/#\/schema\/logo\/image\/","url":"https:\/\/garciaheart.com\/wp-content\/uploads\/2024\/11\/sublogo-redondo-2-scaled.jpg","contentUrl":"https:\/\/garciaheart.com\/wp-content\/uploads\/2024\/11\/sublogo-redondo-2-scaled.jpg","width":2560,"height":2560,"caption":"Garcia Heart and Vascular"},"image":{"@id":"https:\/\/garciaheart.com\/#\/schema\/logo\/image\/"},"sameAs":["https:\/\/www.instagram.com\/garciaheartvascular\/","https:\/\/www.linkedin.com\/in\/daniel-garcia-md-facc-fscai-82412a227\/"]}]}},"_links":{"self":[{"href":"https:\/\/garciaheart.com\/es\/wp-json\/wp\/v2\/pages\/1435","targetHints":{"allow":["GET"]}}],"collection":[{"href":"https:\/\/garciaheart.com\/es\/wp-json\/wp\/v2\/pages"}],"about":[{"href":"https:\/\/garciaheart.com\/es\/wp-json\/wp\/v2\/types\/page"}],"author":[{"embeddable":true,"href":"https:\/\/garciaheart.com\/es\/wp-json\/wp\/v2\/users\/1"}],"replies":[{"embeddable":true,"href":"https:\/\/garciaheart.com\/es\/wp-json\/wp\/v2\/comments?post=1435"}],"version-history":[{"count":22,"href":"https:\/\/garciaheart.com\/es\/wp-json\/wp\/v2\/pages\/1435\/revisions"}],"predecessor-version":[{"id":1474,"href":"https:\/\/garciaheart.com\/es\/wp-json\/wp\/v2\/pages\/1435\/revisions\/1474"}],"wp:attachment":[{"href":"https:\/\/garciaheart.com\/es\/wp-json\/wp\/v2\/media?parent=1435"}],"curies":[{"name":"wp","href":"https:\/\/api.w.org\/{rel}","templated":true}]}}