{"id":1408,"date":"2024-11-25T13:10:12","date_gmt":"2024-11-25T19:10:12","guid":{"rendered":"https:\/\/webcraftwebdesign.com\/drgarciaheart\/?page_id=1408"},"modified":"2024-11-25T13:35:55","modified_gmt":"2024-11-25T19:35:55","slug":"privacy-policy","status":"publish","type":"page","link":"https:\/\/garciaheart.com\/es\/privacy-policy\/","title":{"rendered":"Pol\u00edtica de Privacidad"},"content":{"rendered":"<div data-elementor-type=\"wp-page\" data-elementor-id=\"1408\" class=\"elementor elementor-1408\" data-elementor-post-type=\"page\">\n\t\t\t\t<div class=\"elementor-element elementor-element-a747dbe e-flex e-con-boxed wpr-particle-no wpr-jarallax-no wpr-parallax-no wpr-sticky-section-no wpr-equal-height-no e-con e-parent\" data-id=\"a747dbe\" data-element_type=\"container\" data-e-type=\"container\" data-settings=\"{&quot;background_background&quot;:&quot;classic&quot;}\">\n\t\t\t\t\t<div class=\"e-con-inner\">\n\t\t\t\t<div class=\"elementor-element elementor-element-c524ccc elementor-widget-divider--view-line elementor-widget elementor-widget-divider\" data-id=\"c524ccc\" data-element_type=\"widget\" data-e-type=\"widget\" data-widget_type=\"divider.default\">\n\t\t\t\t<div class=\"elementor-widget-container\">\n\t\t\t\t\t\t\t<div class=\"elementor-divider\">\n\t\t\t<span class=\"elementor-divider-separator\">\n\t\t\t\t\t\t<\/span>\n\t\t<\/div>\n\t\t\t\t\t\t<\/div>\n\t\t\t\t<\/div>\n\t\t\t\t\t<\/div>\n\t\t\t\t<\/div>\n\t\t<div class=\"elementor-element elementor-element-fd0b22e e-flex e-con-boxed wpr-particle-no wpr-jarallax-no wpr-parallax-no wpr-sticky-section-no wpr-equal-height-no e-con e-parent\" data-id=\"fd0b22e\" data-element_type=\"container\" data-e-type=\"container\">\n\t\t\t\t\t<div class=\"e-con-inner\">\n\t\t\t\t<div class=\"elementor-element elementor-element-4ffb247 elementor-widget elementor-widget-heading\" data-id=\"4ffb247\" data-element_type=\"widget\" data-e-type=\"widget\" data-widget_type=\"heading.default\">\n\t\t\t\t<div class=\"elementor-widget-container\">\n\t\t\t\t\t<h2 class=\"elementor-heading-title elementor-size-default\">POL\u00cdTICA DE PRIVACIDAD<\/h2>\t\t\t\t<\/div>\n\t\t\t\t<\/div>\n\t\t\t\t\t<\/div>\n\t\t\t\t<\/div>\n\t\t<div class=\"elementor-element elementor-element-8f96750 e-flex e-con-boxed wpr-particle-no wpr-jarallax-no wpr-parallax-no wpr-sticky-section-no wpr-equal-height-no e-con e-parent\" data-id=\"8f96750\" data-element_type=\"container\" data-e-type=\"container\">\n\t\t\t\t\t<div class=\"e-con-inner\">\n\t\t\t\t<div class=\"elementor-element elementor-element-13ff404 elementor-widget elementor-widget-text-editor\" data-id=\"13ff404\" data-element_type=\"widget\" data-e-type=\"widget\" data-widget_type=\"text-editor.default\">\n\t\t\t\t<div class=\"elementor-widget-container\">\n\t\t\t\t\t\t\t\t\t<p>Pol\u00edtica de privacidad Su privacidad es importante para nosotros. Es <strong>Garcia Heart's<\/strong> pol\u00edtica de respetar su privacidad con respecto a cualquier informaci\u00f3n que podamos recopilar de usted a trav\u00e9s de nuestro sitio web, Garcia Heart y otros sitios que poseemos y operamos.<\/p><p>Solo solicitamos informaci\u00f3n personal cuando realmente la necesitamos para brindarle un servicio. La recopilamos por medios justos y legales, con su conocimiento y consentimiento. Tambi\u00e9n le informamos por qu\u00e9 la recopilamos y c\u00f3mo se utilizar\u00e1.<\/p><p>Solo solicitamos informaci\u00f3n personal cuando realmente la necesitamos para brindarle un servicio. La recopilamos por medios justos y legales, con su conocimiento y consentimiento. Tambi\u00e9n le informamos por qu\u00e9 la recopilamos y c\u00f3mo se utilizar\u00e1.<\/p><p>No compartimos ninguna informaci\u00f3n de identificaci\u00f3n personal p\u00fablicamente ni con terceros, excepto cuando lo exige la ley.<\/p><p>Nuestro sitio web puede contener enlaces a sitios externos que no son operados por nosotros. Tenga en cuenta que no tenemos control sobre el contenido y las pr\u00e1cticas de estos sitios y no podemos aceptar responsabilidad alguna por sus respectivas pol\u00edticas de privacidad.<\/p><p>Usted es libre de rechazar nuestra solicitud de su informaci\u00f3n personal, con el entendimiento de que es posible que no podamos brindarle algunos de los servicios deseados.<\/p><p>Su uso continuado de nuestro sitio web se considerar\u00e1 como la aceptaci\u00f3n de nuestras pr\u00e1cticas en materia de privacidad e informaci\u00f3n personal. Si tiene alguna pregunta sobre c\u00f3mo manejamos los datos de los usuarios y la informaci\u00f3n personal, no dude en ponerse en contacto con nosotros.<\/p><p><strong>Pol\u00edtica de cookies de Garcia Heart<\/strong><\/p><p>Esta es la Pol\u00edtica de Cookies para <strong>Garcia Heart<\/strong>, accesible desde URL \u00bfQu\u00e9 son las cookies? Como es pr\u00e1ctica com\u00fan en casi todos los sitios web profesionales, este sitio utiliza cookies, que son peque\u00f1os archivos que se descargan en su computadora, para mejorar su experiencia. Esta p\u00e1gina describe qu\u00e9 informaci\u00f3n recopilan, c\u00f3mo la usamos y por qu\u00e9 a veces necesitamos almacenar estas cookies. Tambi\u00e9n compartiremos c\u00f3mo puede evitar que se almacenen estas cookies; sin embargo, esto puede degradar o \"romper\" ciertos elementos de la funcionalidad de los sitios.<\/p><p><strong>C\u00f3mo utilizamos las cookies<\/strong><\/p><p>Utilizamos cookies por diversas razones que se detallan a continuaci\u00f3n. Lamentablemente, en la mayor\u00eda de los casos, no existen opciones est\u00e1ndar de la industria para deshabilitar las cookies sin deshabilitar por completo la funcionalidad y las caracter\u00edsticas que agregan a este sitio. Se recomienda que deje todas las cookies activadas si no est\u00e1 seguro de si las necesita o no en caso de que se utilicen para proporcionar un servicio que utiliza.<\/p><p><strong>Deshabilitar cookies<\/strong><\/p><p>Puede evitar la instalaci\u00f3n de cookies configurando la configuraci\u00f3n de su navegador (consulte la Ayuda de su navegador para saber c\u00f3mo hacerlo). Tenga en cuenta que deshabilitar las cookies afectar\u00e1 la funcionalidad de este y muchos otros sitios web que visite. Deshabilitar las cookies generalmente tambi\u00e9n deshabilitar\u00e1 ciertas funciones y caracter\u00edsticas de este sitio. Por lo tanto, se recomienda que no deshabilite las cookies.<\/p><p><strong>The Cookies<\/strong><\/p><p>Configuramos cookies relacionadas con la cuenta Si crea una cuenta con nosotros, utilizaremos cookies para la gesti\u00f3n del proceso de registro y la administraci\u00f3n general. Estas cookies normalmente se eliminar\u00e1n cuando cierre la sesi\u00f3n, aunque en algunos casos pueden permanecer despu\u00e9s para recordar sus preferencias del sitio cuando cierre la sesi\u00f3n.<\/p><p>Cookies relacionadas con el inicio de sesi\u00f3n: utilizamos cookies cuando inicia sesi\u00f3n para poder recordar este hecho. Esto evita que tenga que iniciar sesi\u00f3n cada vez que visita una p\u00e1gina nueva. Estas cookies normalmente se eliminan o borran cuando cierra sesi\u00f3n para garantizar que solo pueda acceder a funciones y \u00e1reas restringidas cuando haya iniciado sesi\u00f3n.<\/p><p>Cookies relacionadas con boletines informativos por correo electr\u00f3nico: este sitio ofrece servicios de suscripci\u00f3n a boletines informativos o por correo electr\u00f3nico y se pueden utilizar cookies para recordar si ya est\u00e1 registrado y si desea mostrar ciertas notificaciones que solo pueden ser v\u00e1lidas para usuarios suscritos o no suscritos.<\/p><p>Cookies relacionadas con el procesamiento de pedidos: este sitio ofrece facilidades de comercio electr\u00f3nico o de pago y algunas cookies son esenciales para garantizar que su pedido se recuerde entre p\u00e1ginas para que podamos procesarlo correctamente.<\/p><p>Cookies relacionadas con encuestas: De vez en cuando ofrecemos encuestas y cuestionarios para usuarios con el fin de ofrecerle informaci\u00f3n interesante, herramientas \u00fatiles o para comprender nuestra base de usuarios con mayor precisi\u00f3n. Estas encuestas pueden utilizar cookies para recordar qui\u00e9n ya ha participado en una encuesta o para proporcionarle resultados precisos despu\u00e9s de cambiar de p\u00e1gina.<\/p><p>Cookies relacionadas con formularios: cuando env\u00eda datos a trav\u00e9s de un formulario como los que se encuentran en las p\u00e1ginas de contacto o formularios de comentarios, se pueden configurar cookies para recordar sus datos de usuario para correspondencia futura.<\/p><p>Cookies de preferencias del sitio: para brindarle una excelente experiencia en este sitio, ofrecemos la funcionalidad para configurar sus preferencias sobre c\u00f3mo se ejecuta este sitio cuando lo utiliza. Para recordar sus preferencias, necesitamos configurar cookies para que esta informaci\u00f3n pueda ser recuperada cada vez que interact\u00fae con una p\u00e1gina que se vea afectada por sus preferencias.<\/p><p><strong>Cookies de terceros <\/strong><\/p><p>En algunos casos especiales tambi\u00e9n utilizamos cookies proporcionadas por terceros de confianza. La siguiente secci\u00f3n detalla qu\u00e9 cookies de terceros puede encontrar a trav\u00e9s de este sitio.<\/p><p>Este sitio utiliza Google Analytics, una de las soluciones de an\u00e1lisis m\u00e1s extendidas y confiables de la web, para ayudarnos a comprender c\u00f3mo utiliza el sitio y las formas en que podemos mejorar su experiencia. Estas cookies pueden rastrear aspectos como el tiempo que pasa en el sitio y las p\u00e1ginas que visita para que podamos seguir produciendo contenido atractivo. Para obtener m\u00e1s informaci\u00f3n sobre las cookies de Google Analytics, consulte la p\u00e1gina oficial de Google Analytics.<\/p><p>Se utilizan an\u00e1lisis de terceros para rastrear y medir el uso de este sitio para que podamos seguir produciendo contenido atractivo. Estas cookies pueden rastrear aspectos como el tiempo que pasa en el sitio o las p\u00e1ginas que visita, lo que nos ayuda a comprender c\u00f3mo podemos mejorar el sitio para usted.<\/p><p>De vez en cuando probamos nuevas funciones y realizamos cambios sutiles en la forma en que se muestra el sitio. Cuando a\u00fan estamos probando nuevas funciones, estas cookies se pueden utilizar para garantizar que reciba una experiencia consistente mientras est\u00e1 en el sitio y, al mismo tiempo, asegurarnos de que entendemos qu\u00e9 optimizaciones aprecian m\u00e1s nuestros usuarios.<\/p><p>Como vendemos productos, es importante para nosotros comprender las estad\u00edsticas sobre cu\u00e1ntos visitantes de nuestro sitio realmente realizan una compra y, como tal, este es el tipo de datos que estas cookies rastrear\u00e1n. Esto es importante para usted, ya que significa que podemos hacer predicciones comerciales precisas que nos permiten monitorear nuestros costos de publicidad y productos para garantizar el mejor precio posible.<\/p><p>Tambi\u00e9n utilizamos botones y\/o complementos de redes sociales en este sitio que le permiten conectarse con su red social de varias maneras. Para que funcionen, los siguientes sitios de redes sociales, incluidos; {\u00bfEnumere las redes sociales cuyas funciones ha integrado con su sitio?:12}, instalar\u00e1n cookies a trav\u00e9s de nuestro sitio que pueden usarse para mejorar su perfil en su sitio o contribuir a los datos que conservan para varios fines descritos en sus respectivas pol\u00edticas de privacidad.<\/p><p><strong>M\u00e1s informaci\u00f3n<\/strong><\/p><p>Esperamos que esto haya aclarado las cosas para usted y, como se mencion\u00f3 anteriormente, si hay algo que no est\u00e1 seguro de si necesita o no, generalmente es m\u00e1s seguro dejar las cookies habilitadas en caso de que interact\u00fae con una de las funciones que utiliza en nuestro sitio. Esta pol\u00edtica entra en vigencia a partir de noviembre de 2024.<\/p>\t\t\t\t\t\t\t\t<\/div>\n\t\t\t\t<\/div>\n\t\t\t\t\t<\/div>\n\t\t\t\t<\/div>\n\t\t\t\t<\/div>","protected":false},"excerpt":{"rendered":"<p>PRIVACY POLICY Privacy Policy Your privacy is important to us. It is Garcia Heart&#8217;s policy to respect your privacy regarding any information we may collect from you across our website, Garcia Heart, and other sites we own and operate. We only ask for personal information when we truly need it to provide a service to you. We collect it by fair and lawful means, with your knowledge and consent. We also let you know why we\u2019re collecting it and how it will be used. We only retain collected information for as long as necessary to provide you with your requested service. What data we store, we\u2019ll protect within commercially acceptable means to prevent loss and theft, as well as unauthorised access, disclosure, copying, use or modification. We don\u2019t share any personally identifying information publicly or with third-parties, except when required to by law. Our website may link to external sites that are not operated by us. Please be aware that we have no control over the content and practices of these sites, and cannot accept responsibility or liability for their respective privacy policies. You are free to refuse our request for your personal information, with the understanding that we may be unable to provide you with some of your desired services. Your continued use of our website will be regarded as acceptance of our practices around privacy and personal information. If you have any questions about how we handle user data and personal information, feel free to contact us. Cookie Policy for Garcia Heart This is the Cookie Policy for Garcia Heart, accessible from URL What Are Cookies As is common practice with almost all professional websites this site uses cookies, which are tiny files that are downloaded to your computer, to improve your experience. This page describes what information they gather, how we use it and why we sometimes need to store these cookies. We will also share how you can prevent these cookies from being stored however this may downgrade or &#8216;break&#8217; certain elements of the sites functionality. How We Use Cookies We use cookies for a variety of reasons detailed below. Unfortunately in most cases there are no industry standard options for disabling cookies without completely disabling the functionality and features they add to this site. It is recommended that you leave on all cookies if you are not sure whether you need them or not in case they are used to provide a service that you use. Disabling Cookies You can prevent the setting of cookies by adjusting the settings on your browser (see your browser Help for how to do this). Be aware that disabling cookies will affect the functionality of this and many other websites that you visit. Disabling cookies will usually result in also disabling certain functionality and features of the this site. Therefore it is recommended that you do not disable cookies. The Cookies We Set Account related cookies If you create an account with us then we will use cookies for the management of the signup process and general administration. These cookies will usually be deleted when you log out however in some cases they may remain afterwards to remember your site preferences when logged out. Login related cookies: We use cookies when you are logged in so that we can remember this fact. This prevents you from having to log in every single time you visit a new page. These cookies are typically removed or cleared when you log out to ensure that you can only access restricted features and areas when logged in. Email newsletters related cookies: This site offers newsletter or email subscription services and cookies may be used to remember if you are already registered and whether to show certain notifications which might only be valid to subscribed\/unsubscribed users. Orders processing related cookies: This site offers e-commerce or payment facilities and some cookies are essential to ensure that your order is remembered between pages so that we can process it properly. Surveys related cookies: From time to time we offer user surveys and questionnaires to provide you with interesting insights, helpful tools, or to understand our user base more accurately. These surveys may use cookies to remember who has already taken part in a survey or to provide you with accurate results after you change pages. Forms related cookies: When you submit data to through a form such as those found on contact pages or comment forms cookies may be set to remember your user details for future correspondence. Site preferences cookies: In order to provide you with a great experience on this site we provide the functionality to set your preferences for how this site runs when you use it. In order to remember your preferences we need to set cookies so that this information can be called whenever you interact with a page is affected by your preferences. Third Party Cookies In some special cases we also use cookies provided by trusted third parties. The following section details which third party cookies you might encounter through this site. This site uses Google Analytics which is one of the most widespread and trusted analytics solution on the web for helping us to understand how you use the site and ways that we can improve your experience. These cookies may track things such as how long you spend on the site and the pages that you visit so we can continue to produce engaging content. For more information on Google Analytics cookies, see the official Google Analytics page. Third party analytics are used to track and measure usage of this site so that we can continue to produce engaging content. These cookies may track things such as how long you spend on the site or pages you visit which helps us to understand how we can improve the site for you. From time to time we test new features and make subtle changes to the way that the site is delivered. When we are still testing<\/p>","protected":false},"author":1,"featured_media":0,"parent":0,"menu_order":0,"comment_status":"closed","ping_status":"closed","template":"","meta":{"footnotes":""},"class_list":["post-1408","page","type-page","status-publish","hentry"],"yoast_head":"<!-- This site is optimized with the Yoast SEO plugin v27.4 - https:\/\/yoast.com\/product\/yoast-seo-wordpress\/ -->\n<title>Privacy Policy - Garcia Heart and Vascular<\/title>\n<meta name=\"description\" content=\"Discover exceptional cardiovascular care with Dr. Daniel C. Garcia, a triple board-certified Interventional Cardiologist in Houston, TX. Specializing in heart and health for the Latino community, Dr. Garcia offers expert, personalized care in English, Spanish, and Portuguese.&quot;\" \/>\n<meta name=\"robots\" content=\"index, follow, max-snippet:-1, max-image-preview:large, max-video-preview:-1\" \/>\n<link rel=\"canonical\" href=\"https:\/\/garciaheart.com\/es\/privacy-policy\/\" \/>\n<meta property=\"og:locale\" content=\"es_MX\" \/>\n<meta property=\"og:type\" content=\"article\" \/>\n<meta property=\"og:title\" content=\"Privacy Policy - Garcia Heart and Vascular\" \/>\n<meta property=\"og:description\" content=\"Discover exceptional cardiovascular care with Dr. Daniel C. Garcia, a triple board-certified Interventional Cardiologist in Houston, TX. Specializing in heart and health for the Latino community, Dr. Garcia offers expert, personalized care in English, Spanish, and Portuguese.&quot;\" \/>\n<meta property=\"og:url\" content=\"https:\/\/garciaheart.com\/es\/privacy-policy\/\" \/>\n<meta property=\"og:site_name\" content=\"Garcia Heart and Vascular\" \/>\n<meta property=\"article:modified_time\" content=\"2024-11-25T19:35:55+00:00\" \/>\n<meta property=\"og:image\" content=\"https:\/\/garciaheart.com\/wp-content\/uploads\/2024\/12\/Untitled-design-45.png\" \/>\n\t<meta property=\"og:image:width\" content=\"1200\" \/>\n\t<meta property=\"og:image:height\" content=\"675\" \/>\n\t<meta property=\"og:image:type\" content=\"image\/png\" \/>\n<meta name=\"twitter:card\" content=\"summary_large_image\" \/>\n<meta name=\"twitter:label1\" content=\"Tiempo de lectura\" \/>\n\t<meta name=\"twitter:data1\" content=\"6 minutos\" \/>\n<script type=\"application\/ld+json\" class=\"yoast-schema-graph\">{\"@context\":\"https:\\\/\\\/schema.org\",\"@graph\":[{\"@type\":\"WebPage\",\"@id\":\"https:\\\/\\\/garciaheart.com\\\/privacy-policy\\\/\",\"url\":\"https:\\\/\\\/garciaheart.com\\\/privacy-policy\\\/\",\"name\":\"Privacy Policy - Garcia Heart and Vascular\",\"isPartOf\":{\"@id\":\"https:\\\/\\\/garciaheart.com\\\/#website\"},\"datePublished\":\"2024-11-25T19:10:12+00:00\",\"dateModified\":\"2024-11-25T19:35:55+00:00\",\"description\":\"Discover exceptional cardiovascular care with Dr. Daniel C. Garcia, a triple board-certified Interventional Cardiologist in Houston, TX. Specializing in heart and health for the Latino community, Dr. Garcia offers expert, personalized care in English, Spanish, and Portuguese.\\\"\",\"breadcrumb\":{\"@id\":\"https:\\\/\\\/garciaheart.com\\\/privacy-policy\\\/#breadcrumb\"},\"inLanguage\":\"es\",\"potentialAction\":[{\"@type\":\"ReadAction\",\"target\":[\"https:\\\/\\\/garciaheart.com\\\/privacy-policy\\\/\"]}]},{\"@type\":\"BreadcrumbList\",\"@id\":\"https:\\\/\\\/garciaheart.com\\\/privacy-policy\\\/#breadcrumb\",\"itemListElement\":[{\"@type\":\"ListItem\",\"position\":1,\"name\":\"Home\",\"item\":\"https:\\\/\\\/garciaheart.com\\\/\"},{\"@type\":\"ListItem\",\"position\":2,\"name\":\"Privacy Policy\"}]},{\"@type\":\"WebSite\",\"@id\":\"https:\\\/\\\/garciaheart.com\\\/#website\",\"url\":\"https:\\\/\\\/garciaheart.com\\\/\",\"name\":\"Garcia Heart and Vascular\",\"description\":\"Latino Heart Health Specialist in Houston\",\"publisher\":{\"@id\":\"https:\\\/\\\/garciaheart.com\\\/#organization\"},\"alternateName\":\"Garcia Heart\",\"potentialAction\":[{\"@type\":\"SearchAction\",\"target\":{\"@type\":\"EntryPoint\",\"urlTemplate\":\"https:\\\/\\\/garciaheart.com\\\/?s={search_term_string}\"},\"query-input\":{\"@type\":\"PropertyValueSpecification\",\"valueRequired\":true,\"valueName\":\"search_term_string\"}}],\"inLanguage\":\"es\"},{\"@type\":\"Organization\",\"@id\":\"https:\\\/\\\/garciaheart.com\\\/#organization\",\"name\":\"Garcia Heart and Vascular\",\"alternateName\":\"Garcia Heart\",\"url\":\"https:\\\/\\\/garciaheart.com\\\/\",\"logo\":{\"@type\":\"ImageObject\",\"inLanguage\":\"es\",\"@id\":\"https:\\\/\\\/garciaheart.com\\\/#\\\/schema\\\/logo\\\/image\\\/\",\"url\":\"https:\\\/\\\/garciaheart.com\\\/wp-content\\\/uploads\\\/2024\\\/11\\\/sublogo-redondo-2-scaled.jpg\",\"contentUrl\":\"https:\\\/\\\/garciaheart.com\\\/wp-content\\\/uploads\\\/2024\\\/11\\\/sublogo-redondo-2-scaled.jpg\",\"width\":2560,\"height\":2560,\"caption\":\"Garcia Heart and Vascular\"},\"image\":{\"@id\":\"https:\\\/\\\/garciaheart.com\\\/#\\\/schema\\\/logo\\\/image\\\/\"},\"sameAs\":[\"https:\\\/\\\/www.instagram.com\\\/garciaheartvascular\\\/\",\"https:\\\/\\\/www.linkedin.com\\\/in\\\/daniel-garcia-md-facc-fscai-82412a227\\\/\"]}]}<\/script>\n<!-- \/ Yoast SEO plugin. -->","yoast_head_json":{"title":"Privacy Policy - Garcia Heart and Vascular","description":"Discover exceptional cardiovascular care with Dr. Daniel C. Garcia, a triple board-certified Interventional Cardiologist in Houston, TX. Specializing in heart and health for the Latino community, Dr. Garcia offers expert, personalized care in English, Spanish, and Portuguese.\"","robots":{"index":"index","follow":"follow","max-snippet":"max-snippet:-1","max-image-preview":"max-image-preview:large","max-video-preview":"max-video-preview:-1"},"canonical":"https:\/\/garciaheart.com\/es\/privacy-policy\/","og_locale":"es_MX","og_type":"article","og_title":"Privacy Policy - Garcia Heart and Vascular","og_description":"Discover exceptional cardiovascular care with Dr. Daniel C. Garcia, a triple board-certified Interventional Cardiologist in Houston, TX. Specializing in heart and health for the Latino community, Dr. Garcia offers expert, personalized care in English, Spanish, and Portuguese.\"","og_url":"https:\/\/garciaheart.com\/es\/privacy-policy\/","og_site_name":"Garcia Heart and Vascular","article_modified_time":"2024-11-25T19:35:55+00:00","og_image":[{"width":1200,"height":675,"url":"https:\/\/garciaheart.com\/wp-content\/uploads\/2024\/12\/Untitled-design-45.png","type":"image\/png"}],"twitter_card":"summary_large_image","twitter_misc":{"Tiempo de lectura":"6 minutos"},"schema":{"@context":"https:\/\/schema.org","@graph":[{"@type":"WebPage","@id":"https:\/\/garciaheart.com\/privacy-policy\/","url":"https:\/\/garciaheart.com\/privacy-policy\/","name":"Privacy Policy - Garcia Heart and Vascular","isPartOf":{"@id":"https:\/\/garciaheart.com\/#website"},"datePublished":"2024-11-25T19:10:12+00:00","dateModified":"2024-11-25T19:35:55+00:00","description":"Discover exceptional cardiovascular care with Dr. Daniel C. Garcia, a triple board-certified Interventional Cardiologist in Houston, TX. Specializing in heart and health for the Latino community, Dr. Garcia offers expert, personalized care in English, Spanish, and Portuguese.\"","breadcrumb":{"@id":"https:\/\/garciaheart.com\/privacy-policy\/#breadcrumb"},"inLanguage":"es","potentialAction":[{"@type":"ReadAction","target":["https:\/\/garciaheart.com\/privacy-policy\/"]}]},{"@type":"BreadcrumbList","@id":"https:\/\/garciaheart.com\/privacy-policy\/#breadcrumb","itemListElement":[{"@type":"ListItem","position":1,"name":"Home","item":"https:\/\/garciaheart.com\/"},{"@type":"ListItem","position":2,"name":"Privacy Policy"}]},{"@type":"WebSite","@id":"https:\/\/garciaheart.com\/#website","url":"https:\/\/garciaheart.com\/","name":"Garc\u00eda Coraz\u00f3n y Vascular","description":"Latino Heart Health Specialist in Houston","publisher":{"@id":"https:\/\/garciaheart.com\/#organization"},"alternateName":"Garcia Heart","potentialAction":[{"@type":"SearchAction","target":{"@type":"EntryPoint","urlTemplate":"https:\/\/garciaheart.com\/?s={search_term_string}"},"query-input":{"@type":"PropertyValueSpecification","valueRequired":true,"valueName":"search_term_string"}}],"inLanguage":"es"},{"@type":"Organization","@id":"https:\/\/garciaheart.com\/#organization","name":"Garc\u00eda Coraz\u00f3n y Vascular","alternateName":"Garcia Heart","url":"https:\/\/garciaheart.com\/","logo":{"@type":"ImageObject","inLanguage":"es","@id":"https:\/\/garciaheart.com\/#\/schema\/logo\/image\/","url":"https:\/\/garciaheart.com\/wp-content\/uploads\/2024\/11\/sublogo-redondo-2-scaled.jpg","contentUrl":"https:\/\/garciaheart.com\/wp-content\/uploads\/2024\/11\/sublogo-redondo-2-scaled.jpg","width":2560,"height":2560,"caption":"Garcia Heart and Vascular"},"image":{"@id":"https:\/\/garciaheart.com\/#\/schema\/logo\/image\/"},"sameAs":["https:\/\/www.instagram.com\/garciaheartvascular\/","https:\/\/www.linkedin.com\/in\/daniel-garcia-md-facc-fscai-82412a227\/"]}]}},"_links":{"self":[{"href":"https:\/\/garciaheart.com\/es\/wp-json\/wp\/v2\/pages\/1408","targetHints":{"allow":["GET"]}}],"collection":[{"href":"https:\/\/garciaheart.com\/es\/wp-json\/wp\/v2\/pages"}],"about":[{"href":"https:\/\/garciaheart.com\/es\/wp-json\/wp\/v2\/types\/page"}],"author":[{"embeddable":true,"href":"https:\/\/garciaheart.com\/es\/wp-json\/wp\/v2\/users\/1"}],"replies":[{"embeddable":true,"href":"https:\/\/garciaheart.com\/es\/wp-json\/wp\/v2\/comments?post=1408"}],"version-history":[{"count":19,"href":"https:\/\/garciaheart.com\/es\/wp-json\/wp\/v2\/pages\/1408\/revisions"}],"predecessor-version":[{"id":1433,"href":"https:\/\/garciaheart.com\/es\/wp-json\/wp\/v2\/pages\/1408\/revisions\/1433"}],"wp:attachment":[{"href":"https:\/\/garciaheart.com\/es\/wp-json\/wp\/v2\/media?parent=1408"}],"curies":[{"name":"wp","href":"https:\/\/api.w.org\/{rel}","templated":true}]}}